{"id":65,"date":"2026-03-06T11:23:37","date_gmt":"2026-03-06T11:23:37","guid":{"rendered":"http:\/\/etincelledekristal.fr\/?page_id=65"},"modified":"2026-03-22T11:12:16","modified_gmt":"2026-03-22T11:12:16","slug":"qui-suis-je","status":"publish","type":"page","link":"https:\/\/etincelledekristal.fr\/?page_id=65","title":{"rendered":"Qui suis-je ?"},"content":{"rendered":"\n<p class=\"has-xx-large-font-size\"><strong>Qui suis-je ?<\/strong><\/p>\n\n\n\n<figure class=\"wp-block-image aligncenter size-large is-resized\"><img loading=\"lazy\" decoding=\"async\" width=\"781\" height=\"1024\" src=\"http:\/\/etincelledekristal.fr\/wp-content\/uploads\/2026\/03\/Screenshot_20250306_075207_Gallery-781x1024.jpg\" alt=\"\" class=\"wp-image-29\" style=\"aspect-ratio:0.7627071670084807;width:145px;height:auto\" srcset=\"https:\/\/etincelledekristal.fr\/wp-content\/uploads\/2026\/03\/Screenshot_20250306_075207_Gallery-781x1024.jpg 781w, https:\/\/etincelledekristal.fr\/wp-content\/uploads\/2026\/03\/Screenshot_20250306_075207_Gallery-229x300.jpg 229w, https:\/\/etincelledekristal.fr\/wp-content\/uploads\/2026\/03\/Screenshot_20250306_075207_Gallery-768x1007.jpg 768w, https:\/\/etincelledekristal.fr\/wp-content\/uploads\/2026\/03\/Screenshot_20250306_075207_Gallery.jpg 1080w\" sizes=\"auto, (max-width: 781px) 100vw, 781px\" \/><\/figure>\n\n\n\n<p class=\"has-text-align-left\">Je m&#8217;appelle Christel, je suis Energ\u00e9ticienne.<\/p>\n\n\n\n<p>J&#8217;envoie des Soins Energ\u00e9tiques \u00e0 distance, pour le bien \u00eatre et l&#8217;harmonisation globale des Receveurs, en fonction de leur besoin, de leur probl\u00e9matique.<\/p>\n\n\n\n<p>Mon objectif est d&#8217;accompagner les Receveurs qui demandent des S\u00e9ances.<\/p>\n\n\n\n<p>Je travaille toujours au mieux des capacit\u00e9 du Receveur.<\/p>\n\n\n\n<p>J&#8217;ai \u00e9t\u00e9 form\u00e9e :<\/p>\n\n\n\n<p><\/p>\n\n\n\n<ul class=\"wp-block-list\">\n<li class=\"has-accent-3-color has-text-color has-link-color wp-elements-a4cd6bcd5ec8eea6795d411e50b4c5ae\"><strong>Par Stella BRUNEEL, &#8220;Le Magn\u00e9tisme Global&#8221; :<\/strong><\/li>\n<\/ul>\n\n\n\n<p>\ud83e\udeb7Radiesth\u00e9sie dite &#8220;M\u00e9dicale&#8221;<\/p>\n\n\n\n<p>\ud83e\udeb7Harmonisation de l&#8217;Habitat<\/p>\n\n\n\n<p>\ud83e\udeb7Ma\u00eetre Radiesth\u00e9sie<\/p>\n\n\n\n<p><\/p>\n\n\n\n<ul class=\"wp-block-list\">\n<li class=\"has-accent-3-color has-text-color has-link-color wp-elements-8aa17c4b735bc584eda96e79bbb1cab9\"><strong>Par Dider COMBE :<\/strong><\/li>\n<\/ul>\n\n\n\n<p>\ud83e\udeb7LaHoChi<\/p>\n\n\n\n<p>Je suis Certifi\u00e9e pour toutes les Formations que j&#8217;ai suivies.<\/p>\n\n\n\n<p><\/p>\n\n\n\n<figure class=\"wp-block-image aligncenter size-large is-resized\"><img loading=\"lazy\" decoding=\"async\" width=\"1024\" height=\"777\" src=\"http:\/\/etincelledekristal.fr\/wp-content\/uploads\/2026\/03\/Screenshot_20250511_105610_Samsung-Notes-1024x777.jpg\" alt=\"\" class=\"wp-image-31\" style=\"aspect-ratio:1.3179235042462167;width:544px;height:auto\" srcset=\"https:\/\/etincelledekristal.fr\/wp-content\/uploads\/2026\/03\/Screenshot_20250511_105610_Samsung-Notes-1024x777.jpg 1024w, https:\/\/etincelledekristal.fr\/wp-content\/uploads\/2026\/03\/Screenshot_20250511_105610_Samsung-Notes-300x228.jpg 300w, https:\/\/etincelledekristal.fr\/wp-content\/uploads\/2026\/03\/Screenshot_20250511_105610_Samsung-Notes-768x583.jpg 768w, https:\/\/etincelledekristal.fr\/wp-content\/uploads\/2026\/03\/Screenshot_20250511_105610_Samsung-Notes-1536x1166.jpg 1536w, https:\/\/etincelledekristal.fr\/wp-content\/uploads\/2026\/03\/Screenshot_20250511_105610_Samsung-Notes-2048x1555.jpg 2048w\" sizes=\"auto, (max-width: 1024px) 100vw, 1024px\" \/><\/figure>\n\n\n\n<figure class=\"wp-block-image aligncenter size-large is-resized\"><img loading=\"lazy\" decoding=\"async\" width=\"1024\" height=\"784\" src=\"http:\/\/etincelledekristal.fr\/wp-content\/uploads\/2026\/03\/Screenshot_20241230_163807_Samsung-Notes-1024x784.jpg\" alt=\"\" class=\"wp-image-32\" style=\"aspect-ratio:1.306163776737122;width:545px;height:auto\" srcset=\"https:\/\/etincelledekristal.fr\/wp-content\/uploads\/2026\/03\/Screenshot_20241230_163807_Samsung-Notes-1024x784.jpg 1024w, https:\/\/etincelledekristal.fr\/wp-content\/uploads\/2026\/03\/Screenshot_20241230_163807_Samsung-Notes-300x230.jpg 300w, https:\/\/etincelledekristal.fr\/wp-content\/uploads\/2026\/03\/Screenshot_20241230_163807_Samsung-Notes-768x588.jpg 768w, https:\/\/etincelledekristal.fr\/wp-content\/uploads\/2026\/03\/Screenshot_20241230_163807_Samsung-Notes-1536x1176.jpg 1536w, https:\/\/etincelledekristal.fr\/wp-content\/uploads\/2026\/03\/Screenshot_20241230_163807_Samsung-Notes-2048x1568.jpg 2048w\" sizes=\"auto, (max-width: 1024px) 100vw, 1024px\" \/><\/figure>\n\n\n\n<figure class=\"wp-block-image aligncenter size-large is-resized\"><img loading=\"lazy\" decoding=\"async\" width=\"1024\" height=\"761\" src=\"http:\/\/etincelledekristal.fr\/wp-content\/uploads\/2026\/03\/Screenshot_20260127_120942_Samsung-Notes-1024x761.jpg\" alt=\"\" class=\"wp-image-67\" style=\"aspect-ratio:1.345633536525736;width:574px;height:auto\" srcset=\"https:\/\/etincelledekristal.fr\/wp-content\/uploads\/2026\/03\/Screenshot_20260127_120942_Samsung-Notes-1024x761.jpg 1024w, https:\/\/etincelledekristal.fr\/wp-content\/uploads\/2026\/03\/Screenshot_20260127_120942_Samsung-Notes-300x223.jpg 300w, https:\/\/etincelledekristal.fr\/wp-content\/uploads\/2026\/03\/Screenshot_20260127_120942_Samsung-Notes-768x571.jpg 768w, https:\/\/etincelledekristal.fr\/wp-content\/uploads\/2026\/03\/Screenshot_20260127_120942_Samsung-Notes-1536x1141.jpg 1536w, https:\/\/etincelledekristal.fr\/wp-content\/uploads\/2026\/03\/Screenshot_20260127_120942_Samsung-Notes-2048x1522.jpg 2048w\" sizes=\"auto, (max-width: 1024px) 100vw, 1024px\" \/><\/figure>\n\n\n\n<figure class=\"wp-block-image aligncenter size-large is-resized\"><img loading=\"lazy\" decoding=\"async\" width=\"1024\" height=\"695\" src=\"http:\/\/etincelledekristal.fr\/wp-content\/uploads\/2026\/03\/20260219_171727-1024x695.jpg\" alt=\"\" class=\"wp-image-42\" style=\"aspect-ratio:1.4734437464306112;width:565px;height:auto\" srcset=\"https:\/\/etincelledekristal.fr\/wp-content\/uploads\/2026\/03\/20260219_171727-1024x695.jpg 1024w, https:\/\/etincelledekristal.fr\/wp-content\/uploads\/2026\/03\/20260219_171727-300x204.jpg 300w, https:\/\/etincelledekristal.fr\/wp-content\/uploads\/2026\/03\/20260219_171727-768x521.jpg 768w, https:\/\/etincelledekristal.fr\/wp-content\/uploads\/2026\/03\/20260219_171727-1536x1042.jpg 1536w, https:\/\/etincelledekristal.fr\/wp-content\/uploads\/2026\/03\/20260219_171727-2048x1390.jpg 2048w\" sizes=\"auto, (max-width: 1024px) 100vw, 1024px\" \/><\/figure>\n\n\n\n<p><\/p>\n","protected":false},"excerpt":{"rendered":"<p>Qui suis-je ? Je m&#8217;appelle Christel, je suis Energ\u00e9ticienne. J&#8217;envoie des Soins Energ\u00e9tiques \u00e0 distance, pour le bien \u00eatre et l&#8217;harmonisation globale des Receveurs, en fonction de leur besoin, de leur probl\u00e9matique. Mon objectif est d&#8217;accompagner les Receveurs qui demandent des S\u00e9ances. Je travaille toujours au mieux des capacit\u00e9 du Receveur. J&#8217;ai \u00e9t\u00e9 form\u00e9e : [&hellip;]<\/p>\n","protected":false},"author":1,"featured_media":0,"parent":0,"menu_order":2,"comment_status":"closed","ping_status":"closed","template":"","meta":{"footnotes":""},"class_list":["post-65","page","type-page","status-publish","hentry"],"_links":{"self":[{"href":"https:\/\/etincelledekristal.fr\/index.php?rest_route=\/wp\/v2\/pages\/65","targetHints":{"allow":["GET"]}}],"collection":[{"href":"https:\/\/etincelledekristal.fr\/index.php?rest_route=\/wp\/v2\/pages"}],"about":[{"href":"https:\/\/etincelledekristal.fr\/index.php?rest_route=\/wp\/v2\/types\/page"}],"author":[{"embeddable":true,"href":"https:\/\/etincelledekristal.fr\/index.php?rest_route=\/wp\/v2\/users\/1"}],"replies":[{"embeddable":true,"href":"https:\/\/etincelledekristal.fr\/index.php?rest_route=%2Fwp%2Fv2%2Fcomments&post=65"}],"version-history":[{"count":9,"href":"https:\/\/etincelledekristal.fr\/index.php?rest_route=\/wp\/v2\/pages\/65\/revisions"}],"predecessor-version":[{"id":327,"href":"https:\/\/etincelledekristal.fr\/index.php?rest_route=\/wp\/v2\/pages\/65\/revisions\/327"}],"wp:attachment":[{"href":"https:\/\/etincelledekristal.fr\/index.php?rest_route=%2Fwp%2Fv2%2Fmedia&parent=65"}],"curies":[{"name":"wp","href":"https:\/\/api.w.org\/{rel}","templated":true}]}}