{"id":63,"date":"2026-03-06T11:13:53","date_gmt":"2026-03-06T11:13:53","guid":{"rendered":"http:\/\/etincelledekristal.fr\/?page_id=63"},"modified":"2026-03-18T20:46:56","modified_gmt":"2026-03-18T20:46:56","slug":"tarifs-2026","status":"publish","type":"page","link":"https:\/\/etincelledekristal.fr\/?page_id=63","title":{"rendered":"TARIFS\u00a0 2026 :"},"content":{"rendered":"\n<p class=\"has-xx-large-font-size\"><strong>TARIFS&nbsp; 2026 :<\/strong><\/p>\n\n\n\n<p><\/p>\n\n\n\n<p class=\"has-accent-3-color has-accent-2-background-color has-text-color has-background has-link-color wp-elements-8d50d49c0f298c8f913fa7514f9891c5\"><strong>SOINS&nbsp; ENERGETIQUES&nbsp; INDIVIDUELS<\/strong><\/p>\n\n\n\n<p class=\"has-text-align-left\">&#8211;<strong>1 S\u00e9ance Adulte<\/strong> :<\/p>\n\n\n\n<p class=\"has-text-align-right\"><strong>           65.00 Euros <\/strong><\/p>\n\n\n\n<p><\/p>\n\n\n\n<p>&#8211;<strong>1 S\u00e9ance Enfant <em>ou<\/em> B\u00e9b\u00e9\u00a0<em>ou<\/em>\u00a0Animal<\/strong> :\u00a0 \u00a0 <strong>\u00a0 <\/strong><\/p>\n\n\n\n<p class=\"has-text-align-right\"><strong>55.00 Euros<\/strong><\/p>\n\n\n\n<p><\/p>\n\n\n\n<p>&#8211;<strong>Forfait 3 S\u00e9ances Adulte<\/strong>&nbsp; <em>(P.U. 60.00 Euros)&nbsp;<\/em> :<\/p>\n\n\n\n<p class=\"has-text-align-right\"><strong>180.00 Euros<\/strong><\/p>\n\n\n\n<p><\/p>\n\n\n\n<p>&#8211;<strong>Forfait 3 S\u00e9ances Enfant <em>OU<\/em>&nbsp; B\u00e9b\u00e9&nbsp; <\/strong> <strong><em>OU<\/em>&nbsp; Animal<\/strong> <em>(P.U. 50.00 Euros<\/em>) &nbsp;:<\/p>\n\n\n\n<p class=\"has-text-align-right\"><strong>150.00 Euros<\/strong><\/p>\n\n\n\n<p><\/p>\n\n\n\n<p><\/p>\n\n\n\n<p class=\"has-accent-3-color has-accent-2-background-color has-text-color has-background has-link-color wp-elements-e2671bc522f562166f1cd941a1e60a9a\"><strong>HARMONISATION DE L&#8217;HABITAT<\/strong><\/p>\n\n\n\n<p>&#8211;<strong>1 S\u00e9ance Harmonisation de l&#8217;Habitat <\/strong>:&nbsp;&nbsp;&nbsp;&nbsp;&nbsp;&nbsp;&nbsp;&nbsp;&nbsp;&nbsp;&nbsp;&nbsp;&nbsp;&nbsp;&nbsp;&nbsp;&nbsp; &nbsp;&nbsp; &nbsp;<\/p>\n\n\n\n<p class=\"has-text-align-right\"><strong>90.00 Euros<\/strong><\/p>\n\n\n\n<p><\/p>\n\n\n\n<p>&#8211;<strong>Forfait Harmonisation globale des Habitants du lieu (Humains et Animaux) en compl\u00e9ment d&#8217; 1 Harmonisation de l&#8217;Habitat : <\/strong><\/p>\n\n\n\n<p class=\"has-text-align-right\"><strong>Me contacter.<\/strong><\/p>\n\n\n\n<p><\/p>\n\n\n\n<p><\/p>\n\n\n\n<p class=\"has-accent-3-color has-accent-2-background-color has-text-color has-background has-link-color wp-elements-58d22eaf0f1883e293a7ed182b894bd4\"><strong><em>SOIN&nbsp; DE&nbsp; GROUPE&nbsp; A&nbsp; DISTANCE<\/em><\/strong><\/p>\n\n\n\n<p>&#8211;<strong><em>1 S\u00e9ance par personne <\/em><\/strong><em>:<\/em><em>&nbsp;&nbsp;&nbsp;&nbsp;&nbsp;&nbsp;&nbsp;&nbsp;&nbsp;&nbsp;&nbsp;&nbsp;&nbsp;&nbsp;&nbsp;&nbsp;&nbsp;&nbsp;&nbsp;&nbsp;<\/em><strong><em>&nbsp;&nbsp;&nbsp;&nbsp;&nbsp;&nbsp;&nbsp;&nbsp;&nbsp;&nbsp;&nbsp;&nbsp;&nbsp;&nbsp;&nbsp;&nbsp;&nbsp;&nbsp; &nbsp;&nbsp;&nbsp;&nbsp;&nbsp;&nbsp;&nbsp;&nbsp;&nbsp;&nbsp;&nbsp;&nbsp;&nbsp;<\/em><\/strong><\/p>\n\n\n\n<p class=\"has-text-align-right\"><strong><em> <\/em>10.00 Euros<\/strong><\/p>\n\n\n\n<p><\/p>\n\n\n\n<p><\/p>\n\n\n\n<figure class=\"wp-block-image aligncenter size-large is-resized\"><img loading=\"lazy\" decoding=\"async\" width=\"586\" height=\"1024\" src=\"http:\/\/etincelledekristal.fr\/wp-content\/uploads\/2026\/03\/FB_IMG_1770227132575-586x1024.jpg\" alt=\"\" class=\"wp-image-40\" style=\"aspect-ratio:0.5722692166237587;width:263px;height:auto\" srcset=\"https:\/\/etincelledekristal.fr\/wp-content\/uploads\/2026\/03\/FB_IMG_1770227132575-586x1024.jpg 586w, https:\/\/etincelledekristal.fr\/wp-content\/uploads\/2026\/03\/FB_IMG_1770227132575-172x300.jpg 172w, https:\/\/etincelledekristal.fr\/wp-content\/uploads\/2026\/03\/FB_IMG_1770227132575-768x1342.jpg 768w, https:\/\/etincelledekristal.fr\/wp-content\/uploads\/2026\/03\/FB_IMG_1770227132575-879x1536.jpg 879w, https:\/\/etincelledekristal.fr\/wp-content\/uploads\/2026\/03\/FB_IMG_1770227132575-1172x2048.jpg 1172w, https:\/\/etincelledekristal.fr\/wp-content\/uploads\/2026\/03\/FB_IMG_1770227132575-scaled.jpg 1466w\" sizes=\"auto, (max-width: 586px) 100vw, 586px\" \/><\/figure>\n\n\n\n<p><\/p>\n","protected":false},"excerpt":{"rendered":"<p>TARIFS&nbsp; 2026 : SOINS&nbsp; ENERGETIQUES&nbsp; INDIVIDUELS &#8211;1 S\u00e9ance Adulte : 65.00 Euros &#8211;1 S\u00e9ance Enfant ou B\u00e9b\u00e9\u00a0ou\u00a0Animal :\u00a0 \u00a0 \u00a0 55.00 Euros &#8211;Forfait 3 S\u00e9ances Adulte&nbsp; (P.U. 60.00 Euros)&nbsp; : 180.00 Euros &#8211;Forfait 3 S\u00e9ances Enfant OU&nbsp; B\u00e9b\u00e9&nbsp; OU&nbsp; Animal (P.U. 50.00 Euros) &nbsp;: 150.00 Euros HARMONISATION DE L&#8217;HABITAT &#8211;1 S\u00e9ance Harmonisation de l&#8217;Habitat :&nbsp;&nbsp;&nbsp;&nbsp;&nbsp;&nbsp;&nbsp;&nbsp;&nbsp;&nbsp;&nbsp;&nbsp;&nbsp;&nbsp;&nbsp;&nbsp;&nbsp; [&hellip;]<\/p>\n","protected":false},"author":1,"featured_media":0,"parent":0,"menu_order":0,"comment_status":"closed","ping_status":"closed","template":"","meta":{"footnotes":""},"class_list":["post-63","page","type-page","status-publish","hentry"],"_links":{"self":[{"href":"https:\/\/etincelledekristal.fr\/index.php?rest_route=\/wp\/v2\/pages\/63","targetHints":{"allow":["GET"]}}],"collection":[{"href":"https:\/\/etincelledekristal.fr\/index.php?rest_route=\/wp\/v2\/pages"}],"about":[{"href":"https:\/\/etincelledekristal.fr\/index.php?rest_route=\/wp\/v2\/types\/page"}],"author":[{"embeddable":true,"href":"https:\/\/etincelledekristal.fr\/index.php?rest_route=\/wp\/v2\/users\/1"}],"replies":[{"embeddable":true,"href":"https:\/\/etincelledekristal.fr\/index.php?rest_route=%2Fwp%2Fv2%2Fcomments&post=63"}],"version-history":[{"count":21,"href":"https:\/\/etincelledekristal.fr\/index.php?rest_route=\/wp\/v2\/pages\/63\/revisions"}],"predecessor-version":[{"id":290,"href":"https:\/\/etincelledekristal.fr\/index.php?rest_route=\/wp\/v2\/pages\/63\/revisions\/290"}],"wp:attachment":[{"href":"https:\/\/etincelledekristal.fr\/index.php?rest_route=%2Fwp%2Fv2%2Fmedia&parent=63"}],"curies":[{"name":"wp","href":"https:\/\/api.w.org\/{rel}","templated":true}]}}