{"id":61,"date":"2026-03-06T11:12:38","date_gmt":"2026-03-06T11:12:38","guid":{"rendered":"http:\/\/etincelledekristal.fr\/?page_id=61"},"modified":"2026-03-16T21:42:05","modified_gmt":"2026-03-16T21:42:05","slug":"diverses-informations","status":"publish","type":"page","link":"https:\/\/etincelledekristal.fr\/?page_id=61","title":{"rendered":"Diverses informations :"},"content":{"rendered":"\n<p class=\"has-xx-large-font-size\"><strong>Diverses informations :<\/strong><\/p>\n\n\n\n<p>\ud83e\udeb7<strong>Une demande de Soin Energ\u00e9tique doit \u00eatre faite :<\/strong><\/p>\n\n\n\n<ul class=\"wp-block-list\">\n<li>Pour les <strong>Adultes<\/strong>, <strong>par le Receveur<\/strong> du Soin Energ\u00e9tique <strong>LUI M\u00caME<\/strong><\/li>\n\n\n\n<li>Pour les <strong>Enfants de moins de 12 ans, les b\u00e9b\u00e9s,<\/strong> par l<strong>&#8216;un des parents<\/strong><\/li>\n\n\n\n<li>Pour les <strong>Enfants de 12 ans et plus<\/strong>,&nbsp;par l&#8217;un des parents, <strong>AVEC&nbsp; L&#8217;ACCORD de l&#8217;Enfant<\/strong><\/li>\n\n\n\n<li>Pour les <strong>Animaux<\/strong>, par le <strong>propri\u00e9taire de l&#8217;Animal<\/strong><\/li>\n\n\n\n<li>Pour les <strong>Harmonisation des lieux<\/strong>, par le <strong>propri\u00e9taire du lieu<\/strong> (ou le <strong>locataire<\/strong>)<\/li>\n<\/ul>\n\n\n\n<p>\ud83e\udeb7Il faut en g\u00e9n\u00e9ral compter <strong>3 S\u00e9ances<\/strong> pour apaiser un <strong>souci r\u00e9cent<\/strong>. Plus la probl\u00e9matique date d&#8217;il y a longtemps, plus il faudra de S\u00e9ances.<\/p>\n\n\n\n<p>\ud83e\udeb7Les Soins Energ\u00e9tiques se font <strong>toutes les 2 ou 3 semaines environ<\/strong> (en fonction du Soin envoy\u00e9), de fa\u00e7on \u00e0 permettre au Corps et \u00e0 l&#8217;esprit du Receveur de faire les ajustements n\u00e9cessaires entre chaque S\u00e9ance.<\/p>\n\n\n\n<p><\/p>\n","protected":false},"excerpt":{"rendered":"<p>Diverses informations : \ud83e\udeb7Une demande de Soin Energ\u00e9tique doit \u00eatre faite : \ud83e\udeb7Il faut en g\u00e9n\u00e9ral compter 3 S\u00e9ances pour apaiser un souci r\u00e9cent. Plus la probl\u00e9matique date d&#8217;il y a longtemps, plus il faudra de S\u00e9ances. \ud83e\udeb7Les Soins Energ\u00e9tiques se font toutes les 2 ou 3 semaines environ (en fonction du Soin envoy\u00e9), de [&hellip;]<\/p>\n","protected":false},"author":1,"featured_media":0,"parent":0,"menu_order":0,"comment_status":"closed","ping_status":"closed","template":"","meta":{"footnotes":""},"class_list":["post-61","page","type-page","status-publish","hentry"],"_links":{"self":[{"href":"https:\/\/etincelledekristal.fr\/index.php?rest_route=\/wp\/v2\/pages\/61","targetHints":{"allow":["GET"]}}],"collection":[{"href":"https:\/\/etincelledekristal.fr\/index.php?rest_route=\/wp\/v2\/pages"}],"about":[{"href":"https:\/\/etincelledekristal.fr\/index.php?rest_route=\/wp\/v2\/types\/page"}],"author":[{"embeddable":true,"href":"https:\/\/etincelledekristal.fr\/index.php?rest_route=\/wp\/v2\/users\/1"}],"replies":[{"embeddable":true,"href":"https:\/\/etincelledekristal.fr\/index.php?rest_route=%2Fwp%2Fv2%2Fcomments&post=61"}],"version-history":[{"count":3,"href":"https:\/\/etincelledekristal.fr\/index.php?rest_route=\/wp\/v2\/pages\/61\/revisions"}],"predecessor-version":[{"id":200,"href":"https:\/\/etincelledekristal.fr\/index.php?rest_route=\/wp\/v2\/pages\/61\/revisions\/200"}],"wp:attachment":[{"href":"https:\/\/etincelledekristal.fr\/index.php?rest_route=%2Fwp%2Fv2%2Fmedia&parent=61"}],"curies":[{"name":"wp","href":"https:\/\/api.w.org\/{rel}","templated":true}]}}