{"id":59,"date":"2026-03-06T11:11:43","date_gmt":"2026-03-06T11:11:43","guid":{"rendered":"http:\/\/etincelledekristal.fr\/?page_id=59"},"modified":"2026-03-18T18:48:36","modified_gmt":"2026-03-18T18:48:36","slug":"prise-de-rdv","status":"publish","type":"page","link":"https:\/\/etincelledekristal.fr\/?page_id=59","title":{"rendered":"Prise de RDV \/ Contact :"},"content":{"rendered":"\n<p class=\"has-xx-large-font-size\"><strong>Prise de RDV \/ Contact :<\/strong><\/p>\n\n\n\n<p>\ud83e\udeb7<strong>Pour toute prise de RDV, merci de me contacter :<\/strong><\/p>\n\n\n\n<ul class=\"wp-block-list has-accent-1-background-color has-background\">\n<li class=\"has-accent-3-color has-text-color has-link-color has-large-font-size wp-elements-a35ebac4aa5ec3daef7c45c7af3f2cd0\"><strong>Par t\u00e9l\u00e9phone * : 07 56 80 41 22 (n&#8217;h\u00e9sitez pas \u00e0 laisser un message avec l&#8217;objet de votre appel)<\/strong><\/li>\n\n\n\n<li class=\"has-accent-3-color has-text-color has-link-color has-large-font-size wp-elements-b01f0b3f8ca0d4e3fa4d3e89de98a28e\"><strong>Par mail *&nbsp; &nbsp; &nbsp; &nbsp; &nbsp; &nbsp; : <a href=\"mailto:etincelledekristal@gmail.com\">etincelledekristal@gmail.com<\/a><\/strong><\/li>\n<\/ul>\n\n\n\n<p><strong>-&gt; Dans les 2 cas, merci de bien vouloir bien sp\u00e9cifier * :<\/strong><\/p>\n\n\n\n<p class=\"has-accent-3-color has-text-color has-link-color wp-elements-d88fce98eb381524c4499cfeca7ea5a4\"><strong>&#8211; Votre pr\u00e9nom<\/strong><\/p>\n\n\n\n<p class=\"has-accent-3-color has-text-color has-link-color wp-elements-c4782a6ca95db5b894aabb1f85ba524a\"><strong>&#8211; Votre nom<\/strong><\/p>\n\n\n\n<p class=\"has-accent-3-color has-text-color has-link-color wp-elements-16272218407396974c59c1dc32864a99\"><strong>&#8211; Votre num\u00e9ro de t\u00e9l\u00e9phone<\/strong><\/p>\n\n\n\n<p class=\"has-accent-3-color has-text-color has-link-color wp-elements-11c95089e30afcae1d3421de629227a4\"><strong>&#8211; L&#8217;objet de votre appel \/ la raison de votre demande de Soin Energ\u00e9tique.<\/strong><\/p>\n\n\n\n<p>\ud83e\udeb7<strong>Un \u00e9change pr\u00e9alable \u00e0 la S\u00e9ance est indispensable (par t\u00e9l\u00e9phone ou par mail), afin que vous m&#8217;expliquiez vos probl\u00e9matiques sp\u00e9cifiques, et les soucis d&#8217;ordre \u00e9motionnel, physique ou Energ\u00e9tiques que celles ci entra\u00eenent.<\/strong><\/p>\n\n\n\n<p><strong>Ceci me permet de comprendre vos besoins individuels, et de bien cibler l&#8217;intention \u00e0 \u00e9mettre lors de votre S\u00e9ance.<\/strong><\/p>\n\n\n\n<figure class=\"wp-block-image aligncenter size-large\"><img loading=\"lazy\" decoding=\"async\" width=\"1024\" height=\"824\" src=\"http:\/\/etincelledekristal.fr\/wp-content\/uploads\/2026\/03\/Screenshot_20250817_011504_Facebook-1-1024x824.jpg\" alt=\"\" class=\"wp-image-287\" srcset=\"https:\/\/etincelledekristal.fr\/wp-content\/uploads\/2026\/03\/Screenshot_20250817_011504_Facebook-1-1024x824.jpg 1024w, https:\/\/etincelledekristal.fr\/wp-content\/uploads\/2026\/03\/Screenshot_20250817_011504_Facebook-1-300x241.jpg 300w, https:\/\/etincelledekristal.fr\/wp-content\/uploads\/2026\/03\/Screenshot_20250817_011504_Facebook-1-768x618.jpg 768w, https:\/\/etincelledekristal.fr\/wp-content\/uploads\/2026\/03\/Screenshot_20250817_011504_Facebook-1.jpg 1080w\" sizes=\"auto, (max-width: 1024px) 100vw, 1024px\" \/><\/figure>\n","protected":false},"excerpt":{"rendered":"<p>Prise de RDV \/ Contact : \ud83e\udeb7Pour toute prise de RDV, merci de me contacter : -&gt; Dans les 2 cas, merci de bien vouloir bien sp\u00e9cifier * : &#8211; Votre pr\u00e9nom &#8211; Votre nom &#8211; Votre num\u00e9ro de t\u00e9l\u00e9phone &#8211; L&#8217;objet de votre appel \/ la raison de votre demande de Soin Energ\u00e9tique. \ud83e\udeb7Un [&hellip;]<\/p>\n","protected":false},"author":1,"featured_media":0,"parent":0,"menu_order":0,"comment_status":"closed","ping_status":"closed","template":"","meta":{"footnotes":""},"class_list":["post-59","page","type-page","status-publish","hentry"],"_links":{"self":[{"href":"https:\/\/etincelledekristal.fr\/index.php?rest_route=\/wp\/v2\/pages\/59","targetHints":{"allow":["GET"]}}],"collection":[{"href":"https:\/\/etincelledekristal.fr\/index.php?rest_route=\/wp\/v2\/pages"}],"about":[{"href":"https:\/\/etincelledekristal.fr\/index.php?rest_route=\/wp\/v2\/types\/page"}],"author":[{"embeddable":true,"href":"https:\/\/etincelledekristal.fr\/index.php?rest_route=\/wp\/v2\/users\/1"}],"replies":[{"embeddable":true,"href":"https:\/\/etincelledekristal.fr\/index.php?rest_route=%2Fwp%2Fv2%2Fcomments&post=59"}],"version-history":[{"count":7,"href":"https:\/\/etincelledekristal.fr\/index.php?rest_route=\/wp\/v2\/pages\/59\/revisions"}],"predecessor-version":[{"id":288,"href":"https:\/\/etincelledekristal.fr\/index.php?rest_route=\/wp\/v2\/pages\/59\/revisions\/288"}],"wp:attachment":[{"href":"https:\/\/etincelledekristal.fr\/index.php?rest_route=%2Fwp%2Fv2%2Fmedia&parent=59"}],"curies":[{"name":"wp","href":"https:\/\/api.w.org\/{rel}","templated":true}]}}