{"id":55,"date":"2026-03-06T11:09:52","date_gmt":"2026-03-06T11:09:52","guid":{"rendered":"http:\/\/etincelledekristal.fr\/?page_id=55"},"modified":"2026-03-18T18:43:12","modified_gmt":"2026-03-18T18:43:12","slug":"et-apres-reception-de-la-seance","status":"publish","type":"page","link":"https:\/\/etincelledekristal.fr\/?page_id=55","title":{"rendered":"Et apr\u00e8s r\u00e9ception de la S\u00e9ance ?"},"content":{"rendered":"\n<p class=\"has-xx-large-font-size\"><strong>Et apr\u00e8s r\u00e9ception de la S\u00e9ance ?<\/strong><\/p>\n\n\n\n<p>\ud83e\udeb7Apr\u00e8s votre Soin Energ\u00e9tique, je vous demande de <strong>me faire un petit retour par mail ou par t\u00e9l\u00e9phone,<\/strong> sur la r\u00e9ception de votre S\u00e9ance :<\/p>\n\n\n\n<ul class=\"wp-block-list\">\n<li>Si vous avez \u00e9ventuellement eu des ressentis        <em>(picotements, l\u00e9g\u00e8re oppression, impression de visualiser des couleurs, de ressentir du froid, du chaud&#8230; etc).<\/em><\/li>\n\n\n\n<li>Quel est votre \u00e9tat g\u00e9n\u00e9ral apr\u00e8s la S\u00e9ance <em>&nbsp;(il faut savoir qu&#8217;une &#8220;crise de gu\u00e9rison&#8221; peut pr\u00e9c\u00e9der un mieux \u00eatre. Il s&#8217;agit de choses que vous avez d\u00e9j\u00e0 eu, par exemple, la fatigue pour laquelle vous demandez des S\u00e9ances, peut \u00eatre encore plus grande pendant 3 jours. Mais la &#8220;crise de gu\u00e9rison&#8221; n&#8217;est pas obligatoire).<\/em><\/li>\n<\/ul>\n\n\n\n<p>\ud83e\udeb7Apr\u00e8s r\u00e9ception de votre retour, en g\u00e9n\u00e9ral le lendemain, j<strong>e vous envoie par mail un r\u00e9sum\u00e9 du compte rendu de la S\u00e9ance que j&#8217;ai effectu\u00e9e.&nbsp;<\/strong><\/p>\n\n\n\n<p>Y seront stipul\u00e9es les principales &#8220;pollutions \u00e9motionnelles&#8221; que j&#8217;ai ressorties.<\/p>\n\n\n\n<p>\ud83e\udeb7<strong>Il vous appartient ensuite de trouver ce qui a p\u00fb provoquer dans votre Vie, ces &#8220;pollutions \u00e9motionnelles&#8221;, et il vous appartient de travailler sur ce ou ces d\u00e9clencheurs seul ou accompagn\u00e9, pour \u00e9viter que vos probl\u00e9matiques ne reviennent.<\/strong><\/p>\n\n\n\n<p><strong>Il est tr\u00e8s important de comprendre que l&#8217;efficacit\u00e9 des Soins Energ\u00e9tiques d\u00e9pend du travail conjoint de l&#8217;Energ\u00e9ticien et du Receveur.<\/strong><\/p>\n\n\n\n<figure class=\"wp-block-image aligncenter size-large\"><img loading=\"lazy\" decoding=\"async\" width=\"964\" height=\"1024\" src=\"http:\/\/etincelledekristal.fr\/wp-content\/uploads\/2026\/03\/Screenshot_20260316_024821_Facebook-964x1024.jpg\" alt=\"\" class=\"wp-image-276\" srcset=\"https:\/\/etincelledekristal.fr\/wp-content\/uploads\/2026\/03\/Screenshot_20260316_024821_Facebook-964x1024.jpg 964w, https:\/\/etincelledekristal.fr\/wp-content\/uploads\/2026\/03\/Screenshot_20260316_024821_Facebook-282x300.jpg 282w, https:\/\/etincelledekristal.fr\/wp-content\/uploads\/2026\/03\/Screenshot_20260316_024821_Facebook-768x816.jpg 768w, https:\/\/etincelledekristal.fr\/wp-content\/uploads\/2026\/03\/Screenshot_20260316_024821_Facebook.jpg 1080w\" sizes=\"auto, (max-width: 964px) 100vw, 964px\" \/><\/figure>\n","protected":false},"excerpt":{"rendered":"<p>Et apr\u00e8s r\u00e9ception de la S\u00e9ance ? \ud83e\udeb7Apr\u00e8s votre Soin Energ\u00e9tique, je vous demande de me faire un petit retour par mail ou par t\u00e9l\u00e9phone, sur la r\u00e9ception de votre S\u00e9ance : \ud83e\udeb7Apr\u00e8s r\u00e9ception de votre retour, en g\u00e9n\u00e9ral le lendemain, je vous envoie par mail un r\u00e9sum\u00e9 du compte rendu de la S\u00e9ance que [&hellip;]<\/p>\n","protected":false},"author":1,"featured_media":0,"parent":0,"menu_order":0,"comment_status":"closed","ping_status":"closed","template":"","meta":{"footnotes":""},"class_list":["post-55","page","type-page","status-publish","hentry"],"_links":{"self":[{"href":"https:\/\/etincelledekristal.fr\/index.php?rest_route=\/wp\/v2\/pages\/55","targetHints":{"allow":["GET"]}}],"collection":[{"href":"https:\/\/etincelledekristal.fr\/index.php?rest_route=\/wp\/v2\/pages"}],"about":[{"href":"https:\/\/etincelledekristal.fr\/index.php?rest_route=\/wp\/v2\/types\/page"}],"author":[{"embeddable":true,"href":"https:\/\/etincelledekristal.fr\/index.php?rest_route=\/wp\/v2\/users\/1"}],"replies":[{"embeddable":true,"href":"https:\/\/etincelledekristal.fr\/index.php?rest_route=%2Fwp%2Fv2%2Fcomments&post=55"}],"version-history":[{"count":4,"href":"https:\/\/etincelledekristal.fr\/index.php?rest_route=\/wp\/v2\/pages\/55\/revisions"}],"predecessor-version":[{"id":285,"href":"https:\/\/etincelledekristal.fr\/index.php?rest_route=\/wp\/v2\/pages\/55\/revisions\/285"}],"wp:attachment":[{"href":"https:\/\/etincelledekristal.fr\/index.php?rest_route=%2Fwp%2Fv2%2Fmedia&parent=55"}],"curies":[{"name":"wp","href":"https:\/\/api.w.org\/{rel}","templated":true}]}}