{"id":51,"date":"2026-03-06T11:07:46","date_gmt":"2026-03-06T11:07:46","guid":{"rendered":"http:\/\/etincelledekristal.fr\/?page_id=51"},"modified":"2026-03-18T20:44:36","modified_gmt":"2026-03-18T20:44:36","slug":"objectif-de-lenergeticien","status":"publish","type":"page","link":"https:\/\/etincelledekristal.fr\/?page_id=51","title":{"rendered":"Objectif de l&#8217;Energ\u00e9ticien ?"},"content":{"rendered":"\n<p class=\"has-xx-large-font-size\"><strong>Objectif de l&#8217;Energ\u00e9ticien ?<\/strong><\/p>\n\n\n\n<p>\ud83e\udeb7De par le Soin Energ\u00e9tique, l&#8217;Energ\u00e9ticien &#8220;enl\u00e8ve les pollutions&#8221;, et remet ainsi du mouvement l\u00e0 ou l&#8217;Energie Vitale ne circulait pas correctement.<\/p>\n\n\n\n<p>\ud83e\udeb7Un point est fait suite \u00e0 la S\u00e9ance, pour expliquer quel \u00e9motionnel &#8220;n\u00e9gatif&#8221; semble \u00e0 l&#8217;origine de la probl\u00e8matique du Receveur.<\/p>\n\n\n\n<p>\ud83e\udeb7L&#8217;Energ\u00e9ticien ne fait aucune promesse et ne donne aucune garantie.<\/p>\n\n\n\n<p>\ud83e\udeb7A la charge du Receveur, de rechercher ce qui a provoqu\u00e9 cet \u00e9motionnel &#8220;n\u00e9gatif&#8221;, et de faire un travailler dessus (seul ou accompagn\u00e9 par un Psychologue, Hyponoth\u00e9rapeute&#8230;), pour \u00e9viter que la probl\u00e9matique ne revienne.<\/p>\n\n\n\n<p class=\"has-accent-3-color has-text-color has-link-color wp-elements-14f62ff8904465a6c12c48a21fb8eee7\"><strong>-&gt; Il s&#8217;agit bien d&#8217;un travail partag\u00e9, entre l&#8217;Energ\u00e9ticien et le Receveur, l&#8217;un ne va pas sans l&#8217;autre, il est tr\u00e8s important d&#8217;en \u00eatre conscient.<\/strong><\/p>\n\n\n\n<p><\/p>\n","protected":false},"excerpt":{"rendered":"<p>Objectif de l&#8217;Energ\u00e9ticien ? \ud83e\udeb7De par le Soin Energ\u00e9tique, l&#8217;Energ\u00e9ticien &#8220;enl\u00e8ve les pollutions&#8221;, et remet ainsi du mouvement l\u00e0 ou l&#8217;Energie Vitale ne circulait pas correctement. \ud83e\udeb7Un point est fait suite \u00e0 la S\u00e9ance, pour expliquer quel \u00e9motionnel &#8220;n\u00e9gatif&#8221; semble \u00e0 l&#8217;origine de la probl\u00e8matique du Receveur. \ud83e\udeb7L&#8217;Energ\u00e9ticien ne fait aucune promesse et ne donne [&hellip;]<\/p>\n","protected":false},"author":1,"featured_media":0,"parent":0,"menu_order":0,"comment_status":"closed","ping_status":"closed","template":"","meta":{"footnotes":""},"class_list":["post-51","page","type-page","status-publish","hentry"],"_links":{"self":[{"href":"https:\/\/etincelledekristal.fr\/index.php?rest_route=\/wp\/v2\/pages\/51","targetHints":{"allow":["GET"]}}],"collection":[{"href":"https:\/\/etincelledekristal.fr\/index.php?rest_route=\/wp\/v2\/pages"}],"about":[{"href":"https:\/\/etincelledekristal.fr\/index.php?rest_route=\/wp\/v2\/types\/page"}],"author":[{"embeddable":true,"href":"https:\/\/etincelledekristal.fr\/index.php?rest_route=\/wp\/v2\/users\/1"}],"replies":[{"embeddable":true,"href":"https:\/\/etincelledekristal.fr\/index.php?rest_route=%2Fwp%2Fv2%2Fcomments&post=51"}],"version-history":[{"count":5,"href":"https:\/\/etincelledekristal.fr\/index.php?rest_route=\/wp\/v2\/pages\/51\/revisions"}],"predecessor-version":[{"id":289,"href":"https:\/\/etincelledekristal.fr\/index.php?rest_route=\/wp\/v2\/pages\/51\/revisions\/289"}],"wp:attachment":[{"href":"https:\/\/etincelledekristal.fr\/index.php?rest_route=%2Fwp%2Fv2%2Fmedia&parent=51"}],"curies":[{"name":"wp","href":"https:\/\/api.w.org\/{rel}","templated":true}]}}