{"id":49,"date":"2026-03-06T11:06:53","date_gmt":"2026-03-06T11:06:53","guid":{"rendered":"http:\/\/etincelledekristal.fr\/?page_id=49"},"modified":"2026-03-18T18:31:05","modified_gmt":"2026-03-18T18:31:05","slug":"quand-faire-un-soin-energetique","status":"publish","type":"page","link":"https:\/\/etincelledekristal.fr\/?page_id=49","title":{"rendered":"Quand faire un Soin Energ\u00e9tique ?"},"content":{"rendered":"\n<p class=\"has-xx-large-font-size\"><strong>Quand faire un Soin Energ\u00e9tique ?<\/strong><\/p>\n\n\n\n<p>\ud83e\udeb7Vous pouvez recevoir un Soin Energ\u00e9tique lorsqu&#8217;un besoin se fait sentir, mal \u00eatre global, ou pour l&#8217;une des diff\u00e9rentes causes cit\u00e9es dans l&#8217;onglet &#8220;Pourquoi un Soin Energ\u00e9tique ?&#8221;<\/p>\n\n\n\n<p>\ud83e\udeb7Il est conseill\u00e9 de r\u00e9harmoniser les Energies \u00e0 chaque changement de Saison, car chacune des Saisons est porteuse d&#8217;une Energie sp\u00e9cifique, par exemple selon les Saisons, il faut r\u00e9harmoniser :<\/p>\n\n\n\n<ul class=\"wp-block-list\">\n<li>Au Printemps, le Foie<\/li>\n\n\n\n<li>En Et\u00e9, le Coeur<\/li>\n\n\n\n<li>En Automne, les Poumons<\/li>\n\n\n\n<li>En Hiver, les Reins<\/li>\n<\/ul>\n\n\n\n<div class=\"wp-block-cover aligncenter\"><img loading=\"lazy\" decoding=\"async\" width=\"683\" height=\"1024\" class=\"wp-block-cover__image-background wp-image-282\" alt=\"\" src=\"http:\/\/etincelledekristal.fr\/wp-content\/uploads\/2026\/03\/file_00000000aae472438b615f55c34db343-683x1024.png\" data-object-fit=\"cover\" srcset=\"https:\/\/etincelledekristal.fr\/wp-content\/uploads\/2026\/03\/file_00000000aae472438b615f55c34db343-683x1024.png 683w, https:\/\/etincelledekristal.fr\/wp-content\/uploads\/2026\/03\/file_00000000aae472438b615f55c34db343-200x300.png 200w, https:\/\/etincelledekristal.fr\/wp-content\/uploads\/2026\/03\/file_00000000aae472438b615f55c34db343-768x1152.png 768w, https:\/\/etincelledekristal.fr\/wp-content\/uploads\/2026\/03\/file_00000000aae472438b615f55c34db343.png 1024w\" sizes=\"auto, (max-width: 683px) 100vw, 683px\" \/><span aria-hidden=\"true\" class=\"wp-block-cover__background has-background-dim\"><\/span><div class=\"wp-block-cover__inner-container is-layout-flow wp-block-cover-is-layout-flow\">\n<p class=\"has-text-align-center has-large-font-size\"><\/p>\n<\/div><\/div>\n","protected":false},"excerpt":{"rendered":"<p>Quand faire un Soin Energ\u00e9tique ? \ud83e\udeb7Vous pouvez recevoir un Soin Energ\u00e9tique lorsqu&#8217;un besoin se fait sentir, mal \u00eatre global, ou pour l&#8217;une des diff\u00e9rentes causes cit\u00e9es dans l&#8217;onglet &#8220;Pourquoi un Soin Energ\u00e9tique ?&#8221; \ud83e\udeb7Il est conseill\u00e9 de r\u00e9harmoniser les Energies \u00e0 chaque changement de Saison, car chacune des Saisons est porteuse d&#8217;une Energie sp\u00e9cifique, [&hellip;]<\/p>\n","protected":false},"author":1,"featured_media":0,"parent":0,"menu_order":0,"comment_status":"closed","ping_status":"closed","template":"","meta":{"footnotes":""},"class_list":["post-49","page","type-page","status-publish","hentry"],"_links":{"self":[{"href":"https:\/\/etincelledekristal.fr\/index.php?rest_route=\/wp\/v2\/pages\/49","targetHints":{"allow":["GET"]}}],"collection":[{"href":"https:\/\/etincelledekristal.fr\/index.php?rest_route=\/wp\/v2\/pages"}],"about":[{"href":"https:\/\/etincelledekristal.fr\/index.php?rest_route=\/wp\/v2\/types\/page"}],"author":[{"embeddable":true,"href":"https:\/\/etincelledekristal.fr\/index.php?rest_route=\/wp\/v2\/users\/1"}],"replies":[{"embeddable":true,"href":"https:\/\/etincelledekristal.fr\/index.php?rest_route=%2Fwp%2Fv2%2Fcomments&post=49"}],"version-history":[{"count":3,"href":"https:\/\/etincelledekristal.fr\/index.php?rest_route=\/wp\/v2\/pages\/49\/revisions"}],"predecessor-version":[{"id":284,"href":"https:\/\/etincelledekristal.fr\/index.php?rest_route=\/wp\/v2\/pages\/49\/revisions\/284"}],"wp:attachment":[{"href":"https:\/\/etincelledekristal.fr\/index.php?rest_route=%2Fwp%2Fv2%2Fmedia&parent=49"}],"curies":[{"name":"wp","href":"https:\/\/api.w.org\/{rel}","templated":true}]}}