{"id":45,"date":"2026-03-06T11:02:44","date_gmt":"2026-03-06T11:02:44","guid":{"rendered":"http:\/\/etincelledekristal.fr\/?page_id=45"},"modified":"2026-03-20T11:20:49","modified_gmt":"2026-03-20T11:20:49","slug":"pourquoi-demander-des-soins-energetiques","status":"publish","type":"page","link":"https:\/\/etincelledekristal.fr\/?page_id=45","title":{"rendered":"Pourquoi demander des Soins Energ\u00e9tiques:"},"content":{"rendered":"\n<p class=\"has-xx-large-font-size\"><strong>Pourquoi demander des Soins Energ\u00e9tiques:<\/strong><\/p>\n\n\n\n<p>\ud83e\udeb7Les Soins Energ\u00e9tiques nettoient les Energies, ils permettent ainsi au Receveur de retrouver ses propres capacit\u00e9s d&#8217;auto gu\u00e9rison, <strong>au mieux de ses capacit\u00e9s.<\/strong><\/p>\n\n\n\n<p><strong>Les demandes peuvent concerner :<\/strong><\/p>\n\n\n\n<p>\ud83e\udeb7Manque d&#8217;\u00e9nergie<\/p>\n\n\n\n<p>\ud83e\udeb7Douleurs (maux de dos, arthrose, apr\u00e8s resserrage d&#8217;un appareil dentaire,&#8230;)<\/p>\n\n\n\n<p>\ud83e\udeb7Souci \u00e9motionnel (stress, anxi\u00e9t\u00e9, tristesse, peurs, col\u00e8re,&#8230;)<\/p>\n\n\n\n<p>\ud83e\udeb7Troubles du sommeil, fatigue<\/p>\n\n\n\n<p>\ud83e\udeb7Recherche d&#8217;un accompagnement compl\u00e9mentaire, \u00e0 un traitement M\u00e9dical d\u00e9j\u00e0 \u00e9tabli par votre M\u00e9decin dans le cas d&#8217;une maladie<\/p>\n\n\n\n<p>\ud83e\udeb7Accompagnement pr\u00e9 et post op\u00e9ratoire<\/p>\n\n\n\n<p>\ud83e\udeb7Accompagnement pendant les s\u00e9ances de chimioth\u00e9rapie<\/p>\n\n\n\n<p>\ud83e\udeb7Probl\u00e8mes de peau (ecz\u00e9ma, zona, &#8230;)<\/p>\n\n\n\n<p>\ud83e\udeb7Insomnies, r\u00e9veils nocturnes r\u00e9p\u00e9t\u00e9s<\/p>\n\n\n\n<p>\ud83e\udeb7Pour une Harmonisation globale ponctuelle ou aux diff\u00e9rents changements de Saisons<\/p>\n\n\n\n<p>\ud83e\udeb7Animaux ayant des troubles du comportemen. Ou bien ayant des douleurs, r\u00e9harmonisation globale,&nbsp; accompagnement, comme pour les Humains<\/p>\n\n\n\n<p>\ud83e\udeb7Harmonisation de l&#8217;Habitat, de votre v\u00e9hicule&#8230;<\/p>\n\n\n\n<p>\ud83e\udeb7&#8230;<\/p>\n\n\n\n<p class=\"has-text-align-center\"><strong>A noter qu&#8217;il est demand\u00e9 d&#8217;avoir un avis M\u00e9dical pr\u00e9alable en cas de consultation pour douleurs ou souci \u00e9motionnel important (d\u00e9pression, &#8230;).<\/strong><\/p>\n\n\n\n<figure class=\"wp-block-image size-large\"><img loading=\"lazy\" decoding=\"async\" width=\"689\" height=\"1024\" src=\"http:\/\/etincelledekristal.fr\/wp-content\/uploads\/2026\/03\/Screenshot_20260318_191920_ChatGPT-689x1024.jpg\" alt=\"\" class=\"wp-image-280\" srcset=\"https:\/\/etincelledekristal.fr\/wp-content\/uploads\/2026\/03\/Screenshot_20260318_191920_ChatGPT-689x1024.jpg 689w, https:\/\/etincelledekristal.fr\/wp-content\/uploads\/2026\/03\/Screenshot_20260318_191920_ChatGPT-202x300.jpg 202w, https:\/\/etincelledekristal.fr\/wp-content\/uploads\/2026\/03\/Screenshot_20260318_191920_ChatGPT-768x1141.jpg 768w, https:\/\/etincelledekristal.fr\/wp-content\/uploads\/2026\/03\/Screenshot_20260318_191920_ChatGPT-1034x1536.jpg 1034w, https:\/\/etincelledekristal.fr\/wp-content\/uploads\/2026\/03\/Screenshot_20260318_191920_ChatGPT.jpg 1080w\" sizes=\"auto, (max-width: 689px) 100vw, 689px\" \/><\/figure>\n","protected":false},"excerpt":{"rendered":"<p>Pourquoi demander des Soins Energ\u00e9tiques: \ud83e\udeb7Les Soins Energ\u00e9tiques nettoient les Energies, ils permettent ainsi au Receveur de retrouver ses propres capacit\u00e9s d&#8217;auto gu\u00e9rison, au mieux de ses capacit\u00e9s. Les demandes peuvent concerner : \ud83e\udeb7Manque d&#8217;\u00e9nergie \ud83e\udeb7Douleurs (maux de dos, arthrose, apr\u00e8s resserrage d&#8217;un appareil dentaire,&#8230;) \ud83e\udeb7Souci \u00e9motionnel (stress, anxi\u00e9t\u00e9, tristesse, peurs, col\u00e8re,&#8230;) \ud83e\udeb7Troubles du sommeil, [&hellip;]<\/p>\n","protected":false},"author":1,"featured_media":0,"parent":0,"menu_order":3,"comment_status":"closed","ping_status":"closed","template":"","meta":{"footnotes":""},"class_list":["post-45","page","type-page","status-publish","hentry"],"_links":{"self":[{"href":"https:\/\/etincelledekristal.fr\/index.php?rest_route=\/wp\/v2\/pages\/45","targetHints":{"allow":["GET"]}}],"collection":[{"href":"https:\/\/etincelledekristal.fr\/index.php?rest_route=\/wp\/v2\/pages"}],"about":[{"href":"https:\/\/etincelledekristal.fr\/index.php?rest_route=\/wp\/v2\/types\/page"}],"author":[{"embeddable":true,"href":"https:\/\/etincelledekristal.fr\/index.php?rest_route=\/wp\/v2\/users\/1"}],"replies":[{"embeddable":true,"href":"https:\/\/etincelledekristal.fr\/index.php?rest_route=%2Fwp%2Fv2%2Fcomments&post=45"}],"version-history":[{"count":4,"href":"https:\/\/etincelledekristal.fr\/index.php?rest_route=\/wp\/v2\/pages\/45\/revisions"}],"predecessor-version":[{"id":310,"href":"https:\/\/etincelledekristal.fr\/index.php?rest_route=\/wp\/v2\/pages\/45\/revisions\/310"}],"wp:attachment":[{"href":"https:\/\/etincelledekristal.fr\/index.php?rest_route=%2Fwp%2Fv2%2Fmedia&parent=45"}],"curies":[{"name":"wp","href":"https:\/\/api.w.org\/{rel}","templated":true}]}}