{"id":73,"date":"2026-03-06T11:31:47","date_gmt":"2026-03-06T11:31:47","guid":{"rendered":"http:\/\/etincelledekristal.fr\/?page_id=73"},"modified":"2026-03-19T16:59:31","modified_gmt":"2026-03-19T16:59:31","slug":"a-savoir","status":"publish","type":"page","link":"http:\/\/etincelledekristal.fr\/?page_id=73","title":{"rendered":"Mentions l\u00e9gales"},"content":{"rendered":"\n<p class=\"has-xx-large-font-size\"><strong>Mentions l\u00e9gales<\/strong><\/p>\n\n\n\n<p>Christel PALVADEAU<\/p>\n\n\n\n<p>Etincelle de Kristal<\/p>\n\n\n\n<p>24 av Habert de Montmort &#8211; 78320 Le Mesnil St Denis<\/p>\n\n\n\n<p>Siren : 899 090 740<\/p>\n\n\n\n<h2 class=\"wp-block-heading\">Conditions g\u00e9n\u00e9rales de vente<\/h2>\n\n\n\n<p>Les prix applicables aux prestations sont ceux indiqu\u00e9s sur le site. Ils s&#8217;entendent HT et sont modifiables sans d\u00e9lai ni pr\u00e9avis. Les offres promotionnelles ne sont pas cumulables.<br>Le contrat entre le professionnel et le consommateur est form\u00e9 lors de l&#8217;achat du ou des Soins Energ\u00e9tiques.<\/p>\n\n\n\n<p><br>Le r\u00e8glement d&#8217;un Soin Energ\u00e9tique est effectu\u00e9 <strong>avant<\/strong> la prestation, par ch\u00e8que, par virement ou via Paypal.<\/p>\n\n\n\n<p>La r\u00e9ception des Soins Energ\u00e9tiques se fait \u00e0 distance, sans connexion ordinateur ou autre. Tout Soin Energ\u00e9tique dont le Receveur aura oubli\u00e9 de d\u00e9clencher l&#8217;activation ne sera pas rembours\u00e9. <strong>Je conseille vivement de mettre &#8220;une alarme&#8221; pour ne pas oublier de d\u00e9clencher votre S\u00e9ance au moment convenu.<\/strong><\/p>\n\n\n\n<p>Tout Soin Energ\u00e9tique non annul\u00e9 minimum 3 jours avant la date de rdv est d\u00fb.<\/p>\n\n\n\n<p>Lors de l&#8217;achat d&#8217;un Forfait de plusieurs Soins Energ\u00e9tiques, vous r\u00e9glez avant la&nbsp;prestation :<\/p>\n\n\n\n<ul class=\"wp-block-list\">\n<li>par 1 ou plusieurs ch\u00e8ques (le nombre est d\u00e9fini en fonction du nombre de Soins inclus dans votre Forfait). Un ch\u00e8que sera encaiss\u00e9 avant chaque rdv. S&#8217;il n&#8217;y a qu&#8217;un ch\u00e8que pour le r\u00e8glement de plusieurs S\u00e9ances, il sera encaiss\u00e9 avant la premi\u00e8re S\u00e9ance.<\/li>\n\n\n\n<li>par virement ou Paypal. Vous r\u00e9glez la totalit\u00e9 du montant d\u00fb en une seule fois avant la premi\u00e8re S\u00e9ance.<\/li>\n<\/ul>\n\n\n\n<p>En cas de litige,l&#8217;Organisme de m\u00e9diation est M\u00e9diation Consommation D\u00e9veloppement, aupr\u00e8s duquel vous pouvez d\u00e9poser votre r\u00e9clamation par courrier en \u00e9crivant \u00e0 M\u00e9diation Consommation D\u00e9veloppement, 15 rue Jules Ferry, 42000 Saint-\u00c9tienne.<\/p>\n\n\n\n<p><\/p>\n\n\n\n<p><strong>H\u00e9bergeur <\/strong><\/p>\n\n\n\n<p>OVHcloud<\/p>\n\n\n\n<p>2 rue Kellermann &#8211; BP 80157 &#8211; 59100  Roubaix<\/p>\n\n\n\n<p><\/p>\n\n\n\n<h2 class=\"wp-block-heading\"><\/h2>\n\n\n\n<p><\/p>\n","protected":false},"excerpt":{"rendered":"<p>Mentions l\u00e9gales Christel PALVADEAU Etincelle de Kristal 24 av Habert de Montmort &#8211; 78320 Le Mesnil St Denis Siren : 899 090 740 Conditions g\u00e9n\u00e9rales de vente Les prix applicables aux prestations sont ceux indiqu\u00e9s sur le site. Ils s&#8217;entendent HT et sont modifiables sans d\u00e9lai ni pr\u00e9avis. Les offres promotionnelles ne sont pas cumulables.Le [&hellip;]<\/p>\n","protected":false},"author":1,"featured_media":0,"parent":0,"menu_order":19,"comment_status":"closed","ping_status":"closed","template":"","meta":{"footnotes":""},"class_list":["post-73","page","type-page","status-publish","hentry"],"_links":{"self":[{"href":"http:\/\/etincelledekristal.fr\/index.php?rest_route=\/wp\/v2\/pages\/73","targetHints":{"allow":["GET"]}}],"collection":[{"href":"http:\/\/etincelledekristal.fr\/index.php?rest_route=\/wp\/v2\/pages"}],"about":[{"href":"http:\/\/etincelledekristal.fr\/index.php?rest_route=\/wp\/v2\/types\/page"}],"author":[{"embeddable":true,"href":"http:\/\/etincelledekristal.fr\/index.php?rest_route=\/wp\/v2\/users\/1"}],"replies":[{"embeddable":true,"href":"http:\/\/etincelledekristal.fr\/index.php?rest_route=%2Fwp%2Fv2%2Fcomments&post=73"}],"version-history":[{"count":6,"href":"http:\/\/etincelledekristal.fr\/index.php?rest_route=\/wp\/v2\/pages\/73\/revisions"}],"predecessor-version":[{"id":305,"href":"http:\/\/etincelledekristal.fr\/index.php?rest_route=\/wp\/v2\/pages\/73\/revisions\/305"}],"wp:attachment":[{"href":"http:\/\/etincelledekristal.fr\/index.php?rest_route=%2Fwp%2Fv2%2Fmedia&parent=73"}],"curies":[{"name":"wp","href":"https:\/\/api.w.org\/{rel}","templated":true}]}}