{"id":53,"date":"2026-03-06T11:08:59","date_gmt":"2026-03-06T11:08:59","guid":{"rendered":"http:\/\/etincelledekristal.fr\/?page_id=53"},"modified":"2026-03-20T11:54:41","modified_gmt":"2026-03-20T11:54:41","slug":"comment-se-passe-un-soin-energetique","status":"publish","type":"page","link":"http:\/\/etincelledekristal.fr\/?page_id=53","title":{"rendered":"Comment se passe un Soin Energ\u00e9tique ?"},"content":{"rendered":"\n<p class=\"has-xx-large-font-size\"><strong>Comment se passe un Soin Energ\u00e9tique ?<\/strong><\/p>\n\n\n\n<p>Les Soins Energ\u00e9tiques peuvent s&#8217;appliquer en pr\u00e9sentiel et \u00e0 distance, le r\u00e9sultat est exactement le m\u00eame.<\/p>\n\n\n\n<p class=\"has-accent-3-color has-text-color has-link-color wp-elements-8fe0f71e9030446dcb14635eee7122b9\">Personnellement <strong>je travaille \u00e0 distance<\/strong>.<\/p>\n\n\n\n<p class=\"has-accent-3-color has-text-color has-link-color wp-elements-b828f12a3a41ec9d34be4a0b9a7676a3\"><strong>Cela permet au Receveur de recevoir sa S\u00e9ance de l&#8217;endroit o\u00f9 il se sent le plus \u00e0 l&#8217;aise, souvent \u00e0 son domicile, en \u00e9tant totalement d\u00e9tendu.<\/strong><\/p>\n\n\n\n<p><strong>*************************************<\/strong>********************************<\/p>\n\n\n\n<p>\ud83e\udeb7<strong>Le jour convenu<\/strong><strong> <\/strong><strong>*<\/strong> <strong>en fonction de nos plannings respectifs<\/strong>, et <strong>\u00e0 l&#8217;heure que vous d\u00e9sirez <\/strong><strong>* <\/strong>, la S\u00e9ance parviendra au Receveur concern\u00e9 <strong>sans connexion quelconque<\/strong> (t\u00e9l\u00e9phone, Whatsapp, &#8230;) :<\/p>\n\n\n\n<ul class=\"wp-block-list\">\n<li>Pour les <strong>Adultes <\/strong>:<\/li>\n<\/ul>\n\n\n\n<p><strong>Apr\u00e8s d\u00e9clenchement par une phrase<\/strong> (que je vous aurai pr\u00e9alablement communiqu\u00e9e) que vous\u00a0 prononcerez \u00e0 voix haute ou mentalement, selon votre pr\u00e9f\u00e9rence)<\/p>\n\n\n\n<p class=\"has-accent-2-background-color has-background\"><em>!\u00a0 Je vous conseille fortement de programmer une alarme pour ne pas oublier de d\u00e9clencher votre S\u00e9ance, il serait dommage de la perdre !\u00a0<\/em><\/p>\n\n\n\n<ul class=\"wp-block-list\">\n<li>Pour les <strong>Enfants<\/strong> \/<strong> B\u00e9b\u00e9s<\/strong> \/ <strong>Animaux<\/strong> :<\/li>\n<\/ul>\n\n\n\n<p><strong>Automatiquemen<\/strong>t, sans pr\u00e9paration de r\u00e9ception de la S\u00e9ance, <strong>ils pourront &#8220;vivre leur vie normalement&#8221;<\/strong> pendant la transmission du Soin Energ\u00e9tique<\/p>\n\n\n\n<p>&nbsp;*********************************************************************<\/p>\n\n\n\n<p><strong>Mode de r\u00e9ception de la S\u00e9ance :<\/strong><\/p>\n\n\n\n<p>\ud83e\udeb7<strong>Adultes<\/strong><strong> :<\/strong><\/p>\n\n\n\n<p>Je conseille de garder \u00e0 port\u00e9e de main (ou de mettre sur soi) un plaid ou une couverture, car lors d&#8217;un Soin Energ\u00e9tique, il arrive fr\u00e9quemment d&#8217;avoir un peu froid.<\/p>\n\n\n\n<p>La r\u00e9ception du Soin Energ\u00e9tique, se fait en \u00e9tant allong\u00e9, dans un endroit calme, o\u00f9 il ne sera pas d\u00e9rang\u00e9 pendant environ 1 heure.<\/p>\n\n\n\n<p>Les bras seront le long du corps, les jambes l&#8217;une \u00e0 c\u00f4t\u00e9 de l&#8217;autre.<\/p>\n\n\n\n<p>Je vous aurai pr\u00e9alablement transmis un lien vers une musique en Hz, correspondant \u00e0 votre S\u00e9ance. Vous pouvez l&#8217;\u00e9couter, ou choisir une autre musique zen, qui vou d\u00e9tende.<\/p>\n\n\n\n<p>Vous pouvez \u00e9galement allumer une bougie, de l&#8217;encens (attention de bien s\u00e9curiser l&#8217;endroit o\u00f9 vous les posez ; Attention \u00e0 nos amis les chats qui adooorent faire des b\u00eatises&#8230; ).<\/p>\n\n\n\n<p>Si vous vous endormez, ce n&#8217;est pas un souci, cela n&#8217;em\u00eachera pas l&#8217;Energie d&#8217;agir.<\/p>\n\n\n\n<p><strong>Vous direz<\/strong> (dans votre t\u00eate ou \u00e0 haute voix, comme cela vous convient) <strong>la phrase de d\u00e9clenchement de la S\u00e9ance que je vous aurai transmise avant votre RDV.<\/strong><\/p>\n\n\n\n<p>Vous fermerez vos yeux, et ferez des respirations profondes, \u00e0 votre propre rythme pendant toute la dur\u00e9e de la S\u00e9ance (environ 1h)<\/p>\n\n\n\n<p>A la fin de la S\u00e9ance, remuez doucement vos mains, vos bras, vos pieds, vos jambes, votre t\u00eate&#8230; Etirez vous et baillez si vous en ressentez le besoin.&nbsp; Prenez votre temps&#8230;<\/p>\n\n\n\n<p>Asseyez vous&#8230; et levez vous pour reprendre le cours de votre Vie.<\/p>\n\n\n\n<p>\ud83e\udeb7<strong>Enfants \/ Animaux<\/strong><strong> :<\/strong><\/p>\n\n\n\n<p>La S\u00e9ance sera envoy\u00e9e automatiquement \u00e0 une heure&nbsp; convenue (pour les enfants, j&#8217;essaie d&#8217;envoyer les S\u00e9ances le vendredi soir ou le samedi pour qu&#8217;ils soient le plus d\u00e9contract\u00e9s possible).<\/p>\n\n\n\n<p>\ud83e\udeb7<strong>Lieux<\/strong><strong> :<\/strong><\/p>\n\n\n\n<p>L&#8217;Harmonisation du lieu est envoy\u00e9e le jour du RDV convenu, dans la journ\u00e9e, ou \u00e0 une heure pr\u00e9cise, comme vous pr\u00e9f\u00e9rez.<\/p>\n\n\n\n<p>Les habitants du lieu peuvent tout \u00e0 fait \u00eatre pr\u00e9sents lors de la r\u00e9ception du Soin Energ\u00e9tique, ce n&#8217;est pas un souci.<\/p>\n\n\n\n<p><strong>-&gt; A noter que lorsque je fait une Harmonisation de lieu, je conseille tr\u00e8s fortement de faire \u00e9galement une harmonisation globale des habitants du lieu (humains \/ animaux)<\/strong><\/p>\n\n\n\n<p><strong>*<\/strong><strong>La S\u00e9ance sera pr\u00e9alablement programm\u00e9e, ce qui permet au Receveur de recevoir la S\u00e9ance aussi bien en semaine que le week end (toujours en fonction de nos agendas respectifs) et \u00e0 l&#8217;heure que vous souhaitez, jour ou nuit.<\/strong><\/p>\n\n\n\n<figure class=\"wp-block-image aligncenter size-large is-resized\"><img loading=\"lazy\" decoding=\"async\" width=\"783\" height=\"1024\" src=\"http:\/\/etincelledekristal.fr\/wp-content\/uploads\/2026\/03\/Screenshot_20260306_134608_ChatGPT-1-783x1024.jpg\" alt=\"\" class=\"wp-image-98\" style=\"aspect-ratio:3\/4;object-fit:cover;width:392px;height:auto\" srcset=\"http:\/\/etincelledekristal.fr\/wp-content\/uploads\/2026\/03\/Screenshot_20260306_134608_ChatGPT-1-783x1024.jpg 783w, http:\/\/etincelledekristal.fr\/wp-content\/uploads\/2026\/03\/Screenshot_20260306_134608_ChatGPT-1-229x300.jpg 229w, http:\/\/etincelledekristal.fr\/wp-content\/uploads\/2026\/03\/Screenshot_20260306_134608_ChatGPT-1-768x1004.jpg 768w, http:\/\/etincelledekristal.fr\/wp-content\/uploads\/2026\/03\/Screenshot_20260306_134608_ChatGPT-1.jpg 1080w\" sizes=\"auto, (max-width: 783px) 100vw, 783px\" \/><\/figure>\n","protected":false},"excerpt":{"rendered":"<p>Comment se passe un Soin Energ\u00e9tique ? Les Soins Energ\u00e9tiques peuvent s&#8217;appliquer en pr\u00e9sentiel et \u00e0 distance, le r\u00e9sultat est exactement le m\u00eame. Personnellement je travaille \u00e0 distance. Cela permet au Receveur de recevoir sa S\u00e9ance de l&#8217;endroit o\u00f9 il se sent le plus \u00e0 l&#8217;aise, souvent \u00e0 son domicile, en \u00e9tant totalement d\u00e9tendu. ********************************************************************* [&hellip;]<\/p>\n","protected":false},"author":1,"featured_media":0,"parent":0,"menu_order":5,"comment_status":"closed","ping_status":"closed","template":"","meta":{"footnotes":""},"class_list":["post-53","page","type-page","status-publish","hentry"],"_links":{"self":[{"href":"http:\/\/etincelledekristal.fr\/index.php?rest_route=\/wp\/v2\/pages\/53","targetHints":{"allow":["GET"]}}],"collection":[{"href":"http:\/\/etincelledekristal.fr\/index.php?rest_route=\/wp\/v2\/pages"}],"about":[{"href":"http:\/\/etincelledekristal.fr\/index.php?rest_route=\/wp\/v2\/types\/page"}],"author":[{"embeddable":true,"href":"http:\/\/etincelledekristal.fr\/index.php?rest_route=\/wp\/v2\/users\/1"}],"replies":[{"embeddable":true,"href":"http:\/\/etincelledekristal.fr\/index.php?rest_route=%2Fwp%2Fv2%2Fcomments&post=53"}],"version-history":[{"count":9,"href":"http:\/\/etincelledekristal.fr\/index.php?rest_route=\/wp\/v2\/pages\/53\/revisions"}],"predecessor-version":[{"id":322,"href":"http:\/\/etincelledekristal.fr\/index.php?rest_route=\/wp\/v2\/pages\/53\/revisions\/322"}],"wp:attachment":[{"href":"http:\/\/etincelledekristal.fr\/index.php?rest_route=%2Fwp%2Fv2%2Fmedia&parent=53"}],"curies":[{"name":"wp","href":"https:\/\/api.w.org\/{rel}","templated":true}]}}