{"id":47,"date":"2026-03-06T11:05:12","date_gmt":"2026-03-06T11:05:12","guid":{"rendered":"http:\/\/etincelledekristal.fr\/?page_id=47"},"modified":"2026-03-20T11:38:21","modified_gmt":"2026-03-20T11:38:21","slug":"a-qui-les-soins-energetiques-sont-ils-destines","status":"publish","type":"page","link":"http:\/\/etincelledekristal.fr\/?page_id=47","title":{"rendered":"A qui les Soins Energ\u00e9tiques sont ils destin\u00e9s?"},"content":{"rendered":"\n<p class=\"has-xx-large-font-size\"><strong>A qui les Soins Energ\u00e9tiques sont ils destin\u00e9s?<\/strong><\/p>\n\n\n\n<p>\ud83e\udeb7<strong>Aux Adultes&nbsp;<\/strong><\/p>\n\n\n\n<p><em>&nbsp;&nbsp;&nbsp;&nbsp;&nbsp;(personnellement, je ne travaille sur les femmes enceintes qu&#8217;\u00e0 partir de leur 3eme mois de grossesse<\/em>)<\/p>\n\n\n\n<figure class=\"wp-block-image aligncenter size-large\"><img loading=\"lazy\" decoding=\"async\" width=\"1024\" height=\"667\" src=\"http:\/\/etincelledekristal.fr\/wp-content\/uploads\/2026\/03\/Screenshot_20260306_220658_ChatGPT-1024x667.jpg\" alt=\"\" class=\"wp-image-109\" srcset=\"http:\/\/etincelledekristal.fr\/wp-content\/uploads\/2026\/03\/Screenshot_20260306_220658_ChatGPT-1024x667.jpg 1024w, http:\/\/etincelledekristal.fr\/wp-content\/uploads\/2026\/03\/Screenshot_20260306_220658_ChatGPT-300x196.jpg 300w, http:\/\/etincelledekristal.fr\/wp-content\/uploads\/2026\/03\/Screenshot_20260306_220658_ChatGPT-768x501.jpg 768w, http:\/\/etincelledekristal.fr\/wp-content\/uploads\/2026\/03\/Screenshot_20260306_220658_ChatGPT.jpg 1080w\" sizes=\"auto, (max-width: 1024px) 100vw, 1024px\" \/><\/figure>\n\n\n\n<p><\/p>\n\n\n\n<p>\ud83e\udeb7<strong>Aux Enfants<\/strong>&nbsp;<\/p>\n\n\n\n<p><em>&nbsp;&nbsp;&nbsp;&nbsp;&nbsp;(<\/em><em>avec leur accord \u00e0 partir de 12 ans<\/em><em>)<\/em><\/p>\n\n\n\n<div class=\"wp-block-cover aligncenter\"><img loading=\"lazy\" decoding=\"async\" width=\"1024\" height=\"674\" class=\"wp-block-cover__image-background wp-image-95\" alt=\"\" src=\"http:\/\/etincelledekristal.fr\/wp-content\/uploads\/2026\/03\/Screenshot_20260306_134654_ChatGPT-1024x674.jpg\" data-object-fit=\"cover\" srcset=\"http:\/\/etincelledekristal.fr\/wp-content\/uploads\/2026\/03\/Screenshot_20260306_134654_ChatGPT-1024x674.jpg 1024w, http:\/\/etincelledekristal.fr\/wp-content\/uploads\/2026\/03\/Screenshot_20260306_134654_ChatGPT-300x198.jpg 300w, http:\/\/etincelledekristal.fr\/wp-content\/uploads\/2026\/03\/Screenshot_20260306_134654_ChatGPT-768x506.jpg 768w, http:\/\/etincelledekristal.fr\/wp-content\/uploads\/2026\/03\/Screenshot_20260306_134654_ChatGPT.jpg 1080w\" sizes=\"auto, (max-width: 1024px) 100vw, 1024px\" \/><span aria-hidden=\"true\" class=\"wp-block-cover__background has-background-dim\"><\/span><div class=\"wp-block-cover__inner-container is-layout-flow wp-block-cover-is-layout-flow\">\n<p><\/p>\n\n\n\n<p><\/p>\n\n\n\n<p><\/p>\n\n\n\n<p><\/p>\n\n\n\n<p><\/p>\n\n\n\n<p><\/p>\n\n\n\n<p><\/p>\n\n\n\n<p class=\"has-text-align-left has-large-font-size\">E.D.K.<\/p>\n<\/div><\/div>\n\n\n\n<p><\/p>\n\n\n\n<p>\ud83e\udeb7<strong>Aux b\u00e9b\u00e9 d\u00e8s la naissance<\/strong><\/p>\n\n\n\n<figure class=\"wp-block-image size-large\"><img loading=\"lazy\" decoding=\"async\" width=\"1024\" height=\"670\" src=\"http:\/\/etincelledekristal.fr\/wp-content\/uploads\/2026\/03\/Screenshot_20260306_221244_ChatGPT-1024x670.jpg\" alt=\"\" class=\"wp-image-111\" srcset=\"http:\/\/etincelledekristal.fr\/wp-content\/uploads\/2026\/03\/Screenshot_20260306_221244_ChatGPT-1024x670.jpg 1024w, http:\/\/etincelledekristal.fr\/wp-content\/uploads\/2026\/03\/Screenshot_20260306_221244_ChatGPT-300x196.jpg 300w, http:\/\/etincelledekristal.fr\/wp-content\/uploads\/2026\/03\/Screenshot_20260306_221244_ChatGPT-768x503.jpg 768w, http:\/\/etincelledekristal.fr\/wp-content\/uploads\/2026\/03\/Screenshot_20260306_221244_ChatGPT.jpg 1080w\" sizes=\"auto, (max-width: 1024px) 100vw, 1024px\" \/><\/figure>\n\n\n\n<p><\/p>\n\n\n\n<p>\ud83e\udeb7Aux Professionnels du bien \u00eatre<\/p>\n\n\n\n<p>Si vous \u00eates souffrant, que vous ne pouvez pas faire vos Auto Soins, si vous manquez de temps pour enlever les \u00e9nergies n\u00e9gatives, les charges accumul\u00e9es, provenant de vous m\u00eame ou des personnes que vous accompagnez&#8230;<\/p>\n\n\n\n<figure class=\"wp-block-image aligncenter size-large\"><img loading=\"lazy\" decoding=\"async\" width=\"683\" height=\"1024\" src=\"https:\/\/etincelledekristal.fr\/wp-content\/uploads\/2026\/03\/file_00000000c6c472469a3a1537d890522a-2-683x1024.png\" alt=\"\" class=\"wp-image-313\" style=\"aspect-ratio:3\/4;object-fit:cover\" srcset=\"http:\/\/etincelledekristal.fr\/wp-content\/uploads\/2026\/03\/file_00000000c6c472469a3a1537d890522a-2-683x1024.png 683w, http:\/\/etincelledekristal.fr\/wp-content\/uploads\/2026\/03\/file_00000000c6c472469a3a1537d890522a-2-200x300.png 200w, http:\/\/etincelledekristal.fr\/wp-content\/uploads\/2026\/03\/file_00000000c6c472469a3a1537d890522a-2-768x1152.png 768w, http:\/\/etincelledekristal.fr\/wp-content\/uploads\/2026\/03\/file_00000000c6c472469a3a1537d890522a-2.png 1024w\" sizes=\"auto, (max-width: 683px) 100vw, 683px\" \/><\/figure>\n\n\n\n<p><\/p>\n\n\n\n<p>\ud83e\udeb7<strong>A nos amis les animaux<\/strong><\/p>\n\n\n\n<figure class=\"wp-block-image size-large\"><img loading=\"lazy\" decoding=\"async\" width=\"1024\" height=\"683\" src=\"http:\/\/etincelledekristal.fr\/wp-content\/uploads\/2026\/03\/file_00000000f6187246a3764cb796b684d8-1024x683.png\" alt=\"\" class=\"wp-image-271\" srcset=\"http:\/\/etincelledekristal.fr\/wp-content\/uploads\/2026\/03\/file_00000000f6187246a3764cb796b684d8-1024x683.png 1024w, http:\/\/etincelledekristal.fr\/wp-content\/uploads\/2026\/03\/file_00000000f6187246a3764cb796b684d8-300x200.png 300w, http:\/\/etincelledekristal.fr\/wp-content\/uploads\/2026\/03\/file_00000000f6187246a3764cb796b684d8-768x512.png 768w, http:\/\/etincelledekristal.fr\/wp-content\/uploads\/2026\/03\/file_00000000f6187246a3764cb796b684d8.png 1536w\" sizes=\"auto, (max-width: 1024px) 100vw, 1024px\" \/><\/figure>\n\n\n\n<p><\/p>\n\n\n\n<p>\ud83e\udeb7<strong>Aux Habitations \/ Lieux \/ V\u00e9hicules &#8230;<\/strong><\/p>\n\n\n\n<p><em>&nbsp;&nbsp;&nbsp;&nbsp;(habitations, bureaux,&#8230;)<\/em><\/p>\n\n\n\n<figure class=\"wp-block-image size-large\"><img loading=\"lazy\" decoding=\"async\" width=\"1024\" height=\"672\" src=\"http:\/\/etincelledekristal.fr\/wp-content\/uploads\/2026\/03\/Screenshot_20260306_215332_ChatGPT-1024x672.jpg\" alt=\"\" class=\"wp-image-112\" srcset=\"http:\/\/etincelledekristal.fr\/wp-content\/uploads\/2026\/03\/Screenshot_20260306_215332_ChatGPT-1024x672.jpg 1024w, http:\/\/etincelledekristal.fr\/wp-content\/uploads\/2026\/03\/Screenshot_20260306_215332_ChatGPT-300x197.jpg 300w, http:\/\/etincelledekristal.fr\/wp-content\/uploads\/2026\/03\/Screenshot_20260306_215332_ChatGPT-768x504.jpg 768w, http:\/\/etincelledekristal.fr\/wp-content\/uploads\/2026\/03\/Screenshot_20260306_215332_ChatGPT.jpg 1080w\" sizes=\"auto, (max-width: 1024px) 100vw, 1024px\" \/><\/figure>\n","protected":false},"excerpt":{"rendered":"<p>A qui les Soins Energ\u00e9tiques sont ils destin\u00e9s? \ud83e\udeb7Aux Adultes&nbsp; &nbsp;&nbsp;&nbsp;&nbsp;&nbsp;(personnellement, je ne travaille sur les femmes enceintes qu&#8217;\u00e0 partir de leur 3eme mois de grossesse) \ud83e\udeb7Aux Enfants&nbsp; &nbsp;&nbsp;&nbsp;&nbsp;&nbsp;(avec leur accord \u00e0 partir de 12 ans) \ud83e\udeb7Aux b\u00e9b\u00e9 d\u00e8s la naissance \ud83e\udeb7Aux Professionnels du bien \u00eatre Si vous \u00eates souffrant, que vous ne pouvez pas [&hellip;]<\/p>\n","protected":false},"author":1,"featured_media":0,"parent":0,"menu_order":0,"comment_status":"closed","ping_status":"closed","template":"","meta":{"footnotes":""},"class_list":["post-47","page","type-page","status-publish","hentry"],"_links":{"self":[{"href":"http:\/\/etincelledekristal.fr\/index.php?rest_route=\/wp\/v2\/pages\/47","targetHints":{"allow":["GET"]}}],"collection":[{"href":"http:\/\/etincelledekristal.fr\/index.php?rest_route=\/wp\/v2\/pages"}],"about":[{"href":"http:\/\/etincelledekristal.fr\/index.php?rest_route=\/wp\/v2\/types\/page"}],"author":[{"embeddable":true,"href":"http:\/\/etincelledekristal.fr\/index.php?rest_route=\/wp\/v2\/users\/1"}],"replies":[{"embeddable":true,"href":"http:\/\/etincelledekristal.fr\/index.php?rest_route=%2Fwp%2Fv2%2Fcomments&post=47"}],"version-history":[{"count":14,"href":"http:\/\/etincelledekristal.fr\/index.php?rest_route=\/wp\/v2\/pages\/47\/revisions"}],"predecessor-version":[{"id":318,"href":"http:\/\/etincelledekristal.fr\/index.php?rest_route=\/wp\/v2\/pages\/47\/revisions\/318"}],"wp:attachment":[{"href":"http:\/\/etincelledekristal.fr\/index.php?rest_route=%2Fwp%2Fv2%2Fmedia&parent=47"}],"curies":[{"name":"wp","href":"https:\/\/api.w.org\/{rel}","templated":true}]}}